{"id":5843,"date":"2025-10-08T02:47:11","date_gmt":"2025-10-07T23:47:11","guid":{"rendered":"https:\/\/spiritara.com\/shop\/hint-yagi\/"},"modified":"2026-01-01T23:57:08","modified_gmt":"2026-01-01T20:57:08","slug":"hint-yagi","status":"publish","type":"product","link":"https:\/\/spiritara.com\/tr\/shop\/hint-yagi\/","title":{"rendered":"Hint ya\u011f\u0131"},"content":{"rendered":"<p><b>Ar\u0131nd\u0131r\u0131c\u0131 ve b\u00fcy\u00fcmeyi destekleyici etkileriyle bilinen yo\u011fun, onar\u0131c\u0131 bir ya\u011f.<\/b><\/p>\n<ul>\n<li><b>%100 Do\u011fal<\/b><\/li>\n<li><b>100 ml<\/b><\/li>\n<\/ul>\n","protected":false},"excerpt":{"rendered":"<p><b>Faydalar:<\/b><\/p>\n<ul>\n<li>G\u00f6zenekleri a\u00e7mak ve sivilceleri azaltmak i\u00e7in kirleri d\u0131\u015far\u0131 \u00e7eker.<\/li>\n<li>Daha sa\u011fl\u0131kl\u0131 ve gen\u00e7le\u015fmi\u015f bir cilt i\u00e7in kan dola\u015f\u0131m\u0131n\u0131 uyar\u0131r.<\/li>\n<li>D\u00fczenli kullan\u0131ld\u0131\u011f\u0131nda daha kal\u0131n, daha g\u00fc\u00e7l\u00fc sa\u00e7 ve kirpikler olu\u015fmas\u0131n\u0131 sa\u011flar.<\/li>\n<li>Kurumu\u015f b\u00f6lgeleri, nas\u0131rlar\u0131 ve \u00e7atlam\u0131\u015f cildi derinlemesine nemlendirir.<\/li>\n<\/ul>\n","protected":false},"featured_media":5844,"comment_status":"open","ping_status":"closed","template":"","meta":[],"product_cat":[212],"product_tag":[],"class_list":{"0":"post-5843","1":"product","2":"type-product","3":"status-publish","4":"has-post-thumbnail","6":"product_cat-tasiyici-yaglar","7":"pa_capacity-100-ml","9":"first","10":"instock","11":"shipping-taxable","12":"purchasable","13":"product-type-variable"},"_links":{"self":[{"href":"https:\/\/spiritara.com\/tr\/wp-json\/wp\/v2\/product\/5843","targetHints":{"allow":["GET"]}}],"collection":[{"href":"https:\/\/spiritara.com\/tr\/wp-json\/wp\/v2\/product"}],"about":[{"href":"https:\/\/spiritara.com\/tr\/wp-json\/wp\/v2\/types\/product"}],"replies":[{"embeddable":true,"href":"https:\/\/spiritara.com\/tr\/wp-json\/wp\/v2\/comments?post=5843"}],"version-history":[{"count":0,"href":"https:\/\/spiritara.com\/tr\/wp-json\/wp\/v2\/product\/5843\/revisions"}],"wp:featuredmedia":[{"embeddable":true,"href":"https:\/\/spiritara.com\/tr\/wp-json\/wp\/v2\/media\/5844"}],"wp:attachment":[{"href":"https:\/\/spiritara.com\/tr\/wp-json\/wp\/v2\/media?parent=5843"}],"wp:term":[{"taxonomy":"product_cat","embeddable":true,"href":"https:\/\/spiritara.com\/tr\/wp-json\/wp\/v2\/product_cat?post=5843"},{"taxonomy":"product_tag","embeddable":true,"href":"https:\/\/spiritara.com\/tr\/wp-json\/wp\/v2\/product_tag?post=5843"}],"curies":[{"name":"wp","href":"https:\/\/api.w.org\/{rel}","templated":true}]}}