{"id":5845,"date":"2025-10-08T02:45:22","date_gmt":"2025-10-07T23:45:22","guid":{"rendered":"https:\/\/spiritara.com\/shop\/findik-yagi\/"},"modified":"2026-01-02T00:03:53","modified_gmt":"2026-01-01T21:03:53","slug":"findik-yagi","status":"publish","type":"product","link":"https:\/\/spiritara.com\/tr\/shop\/findik-yagi\/","title":{"rendered":"F\u0131nd\u0131k Ya\u011f\u0131"},"content":{"rendered":"<p><b>H\u0131zl\u0131 emilen, dengeleyici bir ya\u011f olup ya\u011fl\u0131 ve karma ciltler i\u00e7in idealdir.<\/b><\/p>\n<ul>\n<li><b>%100 Do\u011fal<\/b><\/li>\n<li><b>100 ml<\/b><\/li>\n<\/ul>\n","protected":false},"excerpt":{"rendered":"<p><b>Faydalar:<\/b><\/p>\n<ul>\n<li>G\u00f6zenekleri s\u0131k\u0131la\u015ft\u0131r\u0131r ve sebum \u00fcretimini do\u011fal olarak d\u00fczenler.<\/li>\n<li>Hafif yap\u0131s\u0131 g\u00f6zenekleri t\u0131kamaz veya ya\u011fl\u0131 bir kal\u0131nt\u0131 b\u0131rakmaz.<\/li>\n<li>\u00c7evresel hasarlara kar\u015f\u0131 koruma sa\u011flayan E vitamini a\u00e7\u0131s\u0131ndan zengindir.<\/li>\n<li>Cildi p\u00fcr\u00fczs\u00fcz, mat ve e\u015fit tonlu b\u0131rak\u0131r.<\/li>\n<\/ul>\n","protected":false},"featured_media":5846,"comment_status":"open","ping_status":"closed","template":"","meta":[],"product_cat":[212],"product_tag":[],"class_list":{"0":"post-5845","1":"product","2":"type-product","3":"status-publish","4":"has-post-thumbnail","6":"product_cat-tasiyici-yaglar","7":"pa_capacity-100-ml","9":"first","10":"instock","11":"shipping-taxable","12":"purchasable","13":"product-type-variable"},"_links":{"self":[{"href":"https:\/\/spiritara.com\/tr\/wp-json\/wp\/v2\/product\/5845","targetHints":{"allow":["GET"]}}],"collection":[{"href":"https:\/\/spiritara.com\/tr\/wp-json\/wp\/v2\/product"}],"about":[{"href":"https:\/\/spiritara.com\/tr\/wp-json\/wp\/v2\/types\/product"}],"replies":[{"embeddable":true,"href":"https:\/\/spiritara.com\/tr\/wp-json\/wp\/v2\/comments?post=5845"}],"version-history":[{"count":0,"href":"https:\/\/spiritara.com\/tr\/wp-json\/wp\/v2\/product\/5845\/revisions"}],"wp:featuredmedia":[{"embeddable":true,"href":"https:\/\/spiritara.com\/tr\/wp-json\/wp\/v2\/media\/5846"}],"wp:attachment":[{"href":"https:\/\/spiritara.com\/tr\/wp-json\/wp\/v2\/media?parent=5845"}],"wp:term":[{"taxonomy":"product_cat","embeddable":true,"href":"https:\/\/spiritara.com\/tr\/wp-json\/wp\/v2\/product_cat?post=5845"},{"taxonomy":"product_tag","embeddable":true,"href":"https:\/\/spiritara.com\/tr\/wp-json\/wp\/v2\/product_tag?post=5845"}],"curies":[{"name":"wp","href":"https:\/\/api.w.org\/{rel}","templated":true}]}}