{"id":5847,"date":"2025-10-08T02:43:41","date_gmt":"2025-10-07T23:43:41","guid":{"rendered":"https:\/\/spiritara.com\/shop\/kaju-yagi\/"},"modified":"2026-01-02T00:07:26","modified_gmt":"2026-01-01T21:07:26","slug":"kaju-yagi","status":"publish","type":"product","link":"https:\/\/spiritara.com\/tr\/shop\/kaju-yagi\/","title":{"rendered":"Kaju Ya\u011f\u0131"},"content":{"rendered":"<p><b>Cilt dostu vitaminler ve ya\u011f asitleriyle dolu, hafif ve h\u0131zl\u0131 emilen bir ya\u011f.<\/b><\/p>\n<ul>\n<li><b>%100 Do\u011fal<\/b><\/li>\n<li><b>100 ml<\/b><\/li>\n<\/ul>\n","protected":false},"excerpt":{"rendered":"<p><b>Faydalar:<\/b><\/p>\n<ul>\n<li>G\u00f6zenekleri t\u0131kamadan derinlemesine besler, kuru veya hassas ciltler i\u00e7in idealdir.<\/li>\n<li>Daha s\u0131k\u0131 ve gen\u00e7 bir g\u00f6r\u00fcn\u00fcm i\u00e7in esnekli\u011fi art\u0131rmaya yard\u0131mc\u0131 olur.<\/li>\n<li>Tahri\u015fi yat\u0131\u015ft\u0131r\u0131r ve yumu\u015fak, p\u00fcr\u00fczs\u00fcz bir doku sa\u011flar.<\/li>\n<li>Cilt iyile\u015fmesini desteklemek ve iltihab\u0131 azaltmak i\u00e7in \u00e7inko i\u00e7erir.<\/li>\n<\/ul>\n","protected":false},"featured_media":5848,"comment_status":"open","ping_status":"closed","template":"","meta":[],"product_cat":[212],"product_tag":[],"class_list":{"0":"post-5847","1":"product","2":"type-product","3":"status-publish","4":"has-post-thumbnail","6":"product_cat-tasiyici-yaglar","7":"pa_capacity-100-ml","9":"first","10":"instock","11":"shipping-taxable","12":"purchasable","13":"product-type-variable"},"_links":{"self":[{"href":"https:\/\/spiritara.com\/tr\/wp-json\/wp\/v2\/product\/5847","targetHints":{"allow":["GET"]}}],"collection":[{"href":"https:\/\/spiritara.com\/tr\/wp-json\/wp\/v2\/product"}],"about":[{"href":"https:\/\/spiritara.com\/tr\/wp-json\/wp\/v2\/types\/product"}],"replies":[{"embeddable":true,"href":"https:\/\/spiritara.com\/tr\/wp-json\/wp\/v2\/comments?post=5847"}],"version-history":[{"count":0,"href":"https:\/\/spiritara.com\/tr\/wp-json\/wp\/v2\/product\/5847\/revisions"}],"wp:featuredmedia":[{"embeddable":true,"href":"https:\/\/spiritara.com\/tr\/wp-json\/wp\/v2\/media\/5848"}],"wp:attachment":[{"href":"https:\/\/spiritara.com\/tr\/wp-json\/wp\/v2\/media?parent=5847"}],"wp:term":[{"taxonomy":"product_cat","embeddable":true,"href":"https:\/\/spiritara.com\/tr\/wp-json\/wp\/v2\/product_cat?post=5847"},{"taxonomy":"product_tag","embeddable":true,"href":"https:\/\/spiritara.com\/tr\/wp-json\/wp\/v2\/product_tag?post=5847"}],"curies":[{"name":"wp","href":"https:\/\/api.w.org\/{rel}","templated":true}]}}