{"id":5851,"date":"2025-10-08T02:41:49","date_gmt":"2025-10-07T23:41:49","guid":{"rendered":"https:\/\/spiritara.com\/shop\/keten-tohumu-yagi\/"},"modified":"2026-01-02T00:17:24","modified_gmt":"2026-01-01T21:17:24","slug":"keten-tohumu-yagi","status":"publish","type":"product","link":"https:\/\/spiritara.com\/tr\/shop\/keten-tohumu-yagi\/","title":{"rendered":"Keten Tohumu Ya\u011f\u0131"},"content":{"rendered":"<p><b>Hassas cildi besleyen ve yat\u0131\u015ft\u0131ran, omega a\u00e7\u0131s\u0131ndan zengin, hafif bir ya\u011f.<\/b><\/p>\n<ul>\n<li><b>%100 Do\u011fal<\/b><\/li>\n<li><b>100 ml<\/b><\/li>\n<\/ul>\n","protected":false},"excerpt":{"rendered":"<p><b>Faydalar:<\/b><\/p>\n<ul>\n<li>\u0130ltihab\u0131 azalt\u0131r ve egzama ve rozasea gibi rahats\u0131zl\u0131klar\u0131 yat\u0131\u015ft\u0131r\u0131r.<\/li>\n<li>Ya\u011fl\u0131 bir his b\u0131rakmadan derinlemesine nemlendirir.<\/li>\n<li>Cilt bariyerini g\u00fc\u00e7lendirerek nem kayb\u0131n\u0131 \u00f6nler.<\/li>\n<li>Y\u00fcksek antioksidan i\u00e7eri\u011fiyle serbest radikallerle sava\u015f\u0131r.<\/li>\n<\/ul>\n","protected":false},"featured_media":5852,"comment_status":"open","ping_status":"closed","template":"","meta":[],"product_cat":[212],"product_tag":[],"class_list":{"0":"post-5851","1":"product","2":"type-product","3":"status-publish","4":"has-post-thumbnail","6":"product_cat-tasiyici-yaglar","7":"pa_capacity-100-ml","9":"first","10":"instock","11":"shipping-taxable","12":"purchasable","13":"product-type-variable"},"_links":{"self":[{"href":"https:\/\/spiritara.com\/tr\/wp-json\/wp\/v2\/product\/5851","targetHints":{"allow":["GET"]}}],"collection":[{"href":"https:\/\/spiritara.com\/tr\/wp-json\/wp\/v2\/product"}],"about":[{"href":"https:\/\/spiritara.com\/tr\/wp-json\/wp\/v2\/types\/product"}],"replies":[{"embeddable":true,"href":"https:\/\/spiritara.com\/tr\/wp-json\/wp\/v2\/comments?post=5851"}],"version-history":[{"count":0,"href":"https:\/\/spiritara.com\/tr\/wp-json\/wp\/v2\/product\/5851\/revisions"}],"wp:featuredmedia":[{"embeddable":true,"href":"https:\/\/spiritara.com\/tr\/wp-json\/wp\/v2\/media\/5852"}],"wp:attachment":[{"href":"https:\/\/spiritara.com\/tr\/wp-json\/wp\/v2\/media?parent=5851"}],"wp:term":[{"taxonomy":"product_cat","embeddable":true,"href":"https:\/\/spiritara.com\/tr\/wp-json\/wp\/v2\/product_cat?post=5851"},{"taxonomy":"product_tag","embeddable":true,"href":"https:\/\/spiritara.com\/tr\/wp-json\/wp\/v2\/product_tag?post=5851"}],"curies":[{"name":"wp","href":"https:\/\/api.w.org\/{rel}","templated":true}]}}