{"id":5855,"date":"2025-10-08T02:39:14","date_gmt":"2025-10-07T23:39:14","guid":{"rendered":"https:\/\/spiritara.com\/shop\/lavanta-esansiyel-yagi\/"},"modified":"2026-01-02T00:21:54","modified_gmt":"2026-01-01T21:21:54","slug":"lavanta-esansiyel-yagi","status":"publish","type":"product","link":"https:\/\/spiritara.com\/tr\/shop\/lavanta-esansiyel-yagi\/","title":{"rendered":"Lavanta Esansiyel Ya\u011f\u0131"},"content":{"rendered":"<p><b>Yat\u0131\u015ft\u0131r\u0131c\u0131 kokusu ve cilt iyile\u015ftirici \u00f6zellikleriyle bilinen, \u00e7ok y\u00f6nl\u00fc ve rahatlat\u0131c\u0131 bir ya\u011f.<\/b><\/p>\n<ul>\n<li><b>%100 Do\u011fal<\/b><\/li>\n<li><b>15 ml<\/b><\/li>\n<\/ul>\n","protected":false},"excerpt":{"rendered":"<p><b>Faydalar:<\/b><\/p>\n<ul>\n<li>Hassas veya iltihapl\u0131 ciltlerdeki tahri\u015fi yat\u0131\u015ft\u0131r\u0131r ve k\u0131zar\u0131kl\u0131\u011f\u0131 azalt\u0131r.<\/li>\n<li>A\u015f\u0131r\u0131 kurutmaya yol a\u00e7madan petrol \u00fcretimini dengeleyerek petrol s\u0131z\u0131nt\u0131lar\u0131n\u0131 \u00f6nler.<\/li>\n<li>Yara izlerinin, lekelerin ve k\u00fc\u00e7\u00fck yan\u0131klar\u0131n daha h\u0131zl\u0131 iyile\u015fmesini sa\u011flar.<\/li>\n<li>Cildi derinlemesine nemlendirirken yumu\u015fak ve esnek tutar.<\/li>\n<\/ul>\n","protected":false},"featured_media":5856,"comment_status":"open","ping_status":"closed","template":"","meta":[],"product_cat":[214],"product_tag":[],"class_list":{"0":"post-5855","1":"product","2":"type-product","3":"status-publish","4":"has-post-thumbnail","6":"product_cat-esansiyel-yaglar","7":"pa_capacity-15-ml","9":"first","10":"instock","11":"shipping-taxable","12":"purchasable","13":"product-type-variable"},"_links":{"self":[{"href":"https:\/\/spiritara.com\/tr\/wp-json\/wp\/v2\/product\/5855","targetHints":{"allow":["GET"]}}],"collection":[{"href":"https:\/\/spiritara.com\/tr\/wp-json\/wp\/v2\/product"}],"about":[{"href":"https:\/\/spiritara.com\/tr\/wp-json\/wp\/v2\/types\/product"}],"replies":[{"embeddable":true,"href":"https:\/\/spiritara.com\/tr\/wp-json\/wp\/v2\/comments?post=5855"}],"version-history":[{"count":0,"href":"https:\/\/spiritara.com\/tr\/wp-json\/wp\/v2\/product\/5855\/revisions"}],"wp:featuredmedia":[{"embeddable":true,"href":"https:\/\/spiritara.com\/tr\/wp-json\/wp\/v2\/media\/5856"}],"wp:attachment":[{"href":"https:\/\/spiritara.com\/tr\/wp-json\/wp\/v2\/media?parent=5855"}],"wp:term":[{"taxonomy":"product_cat","embeddable":true,"href":"https:\/\/spiritara.com\/tr\/wp-json\/wp\/v2\/product_cat?post=5855"},{"taxonomy":"product_tag","embeddable":true,"href":"https:\/\/spiritara.com\/tr\/wp-json\/wp\/v2\/product_tag?post=5855"}],"curies":[{"name":"wp","href":"https:\/\/api.w.org\/{rel}","templated":true}]}}