{"id":5857,"date":"2025-10-08T02:36:23","date_gmt":"2025-10-07T23:36:23","guid":{"rendered":"https:\/\/spiritara.com\/shop\/sac-kremi\/"},"modified":"2026-02-02T19:01:09","modified_gmt":"2026-02-02T16:01:09","slug":"sac-kremi","status":"publish","type":"product","link":"https:\/\/spiritara.com\/tr\/shop\/sac-kremi\/","title":{"rendered":"Sa\u00e7 Kremi"},"content":{"rendered":"<p>Kuru ve y\u0131pranm\u0131\u015f sa\u00e7 tellerini derinlemesine beslenmi\u015f, ipeksi yumu\u015fakl\u0131kta sa\u00e7lara d\u00f6n\u00fc\u015ft\u00fcr\u00fcr. K\u0131r\u0131lmay\u0131 azaltmak ve elastikiyeti art\u0131rmak i\u00e7in k\u00f6kten uca g\u00fc\u00e7lendirir. Kal\u0131c\u0131 nemlendirme ve sa\u011fl\u0131kl\u0131 bir parlakl\u0131k sa\u011flayarak sa\u00e7lara \u0131\u015f\u0131lt\u0131 katar.<\/p>\n<ul>\n<li><b>%100 Do\u011fal<\/b><\/li>\n<li><b>50 ml<\/b><\/li>\n<\/ul>\n","protected":false},"excerpt":{"rendered":"<p><b>\u0130\u00e7indekiler:<\/b><\/p>\n<ul>\n<li>Ta\u015f\u0131y\u0131c\u0131 ya\u011flar: Badem, Hint, Hindistan cevizi, Makadamya, Moringa, Jojoba, Ku\u015fburnuTa\u015f\u0131y\u0131c\u0131 ya\u011flar: Badem, Hint, Hindistan cevizi, Makadamya, Moringa, Jojoba, Ku\u015fburnu<\/li>\n<li>Ya\u011flar: Kakao, Mango, Shea<\/li>\n<\/ul>\n","protected":false},"featured_media":5860,"comment_status":"open","ping_status":"closed","template":"","meta":[],"product_cat":[218],"product_tag":[],"class_list":{"0":"post-5857","1":"product","2":"type-product","3":"status-publish","4":"has-post-thumbnail","6":"product_cat-kremler","7":"pa_capacity-100-ml","8":"pa_capacity-50-ml","10":"first","11":"instock","12":"shipping-taxable","13":"purchasable","14":"product-type-variable"},"_links":{"self":[{"href":"https:\/\/spiritara.com\/tr\/wp-json\/wp\/v2\/product\/5857","targetHints":{"allow":["GET"]}}],"collection":[{"href":"https:\/\/spiritara.com\/tr\/wp-json\/wp\/v2\/product"}],"about":[{"href":"https:\/\/spiritara.com\/tr\/wp-json\/wp\/v2\/types\/product"}],"replies":[{"embeddable":true,"href":"https:\/\/spiritara.com\/tr\/wp-json\/wp\/v2\/comments?post=5857"}],"version-history":[{"count":1,"href":"https:\/\/spiritara.com\/tr\/wp-json\/wp\/v2\/product\/5857\/revisions"}],"predecessor-version":[{"id":6387,"href":"https:\/\/spiritara.com\/tr\/wp-json\/wp\/v2\/product\/5857\/revisions\/6387"}],"wp:featuredmedia":[{"embeddable":true,"href":"https:\/\/spiritara.com\/tr\/wp-json\/wp\/v2\/media\/5860"}],"wp:attachment":[{"href":"https:\/\/spiritara.com\/tr\/wp-json\/wp\/v2\/media?parent=5857"}],"wp:term":[{"taxonomy":"product_cat","embeddable":true,"href":"https:\/\/spiritara.com\/tr\/wp-json\/wp\/v2\/product_cat?post=5857"},{"taxonomy":"product_tag","embeddable":true,"href":"https:\/\/spiritara.com\/tr\/wp-json\/wp\/v2\/product_tag?post=5857"}],"curies":[{"name":"wp","href":"https:\/\/api.w.org\/{rel}","templated":true}]}}