{"id":5861,"date":"2025-10-08T02:31:02","date_gmt":"2025-10-07T23:31:02","guid":{"rendered":"https:\/\/spiritara.com\/shop\/nemlendirici\/"},"modified":"2026-02-02T19:08:07","modified_gmt":"2026-02-02T16:08:07","slug":"nemlendirici","status":"publish","type":"product","link":"https:\/\/spiritara.com\/tr\/shop\/nemlendirici\/","title":{"rendered":"Nemlendirici"},"content":{"rendered":"<p>Cildi derinlemesine besleyen yo\u011fun bir nemlendirme sa\u011flar. Kuru cildi dolgun, nemli ve kar\u015f\u0131 konulmaz derecede p\u00fcr\u00fczs\u00fcz bir g\u00f6r\u00fcn\u00fcme kavu\u015fturur. Nemi g\u00fcn boyu hapseden kal\u0131c\u0131 bir koruyucu bariyer olu\u015fturur.<\/p>\n<ul>\n<li><b>%100 Do\u011fal<\/b><\/li>\n<li><b>50 ml<\/b><\/li>\n<\/ul>\n","protected":false},"excerpt":{"rendered":"<p><b>\u0130\u00e7indekiler:<\/b><\/p>\n<ul>\n<li><b>Ku\u015fburnu Ya\u011f\u0131<\/b><\/li>\n<li>Ya\u011flar: Kakao, Mango, Shea<\/li>\n<li>Ta\u015f\u0131y\u0131c\u0131 Ya\u011flar: Badem Ya\u011f\u0131, Kay\u0131s\u0131 Ya\u011f\u0131, F\u0131nd\u0131k Ya\u011f\u0131, Jojoba Ya\u011f\u0131, Makadamya Ya\u011f\u0131, Moringa Ya\u011f\u0131<\/li>\n<\/ul>\n","protected":false},"featured_media":5862,"comment_status":"open","ping_status":"closed","template":"","meta":[],"product_cat":[218],"product_tag":[],"class_list":{"0":"post-5861","1":"product","2":"type-product","3":"status-publish","4":"has-post-thumbnail","6":"product_cat-kremler","7":"pa_capacity-30-ml","8":"pa_capacity-50-ml","10":"first","11":"instock","12":"shipping-taxable","13":"purchasable","14":"product-type-variable"},"_links":{"self":[{"href":"https:\/\/spiritara.com\/tr\/wp-json\/wp\/v2\/product\/5861","targetHints":{"allow":["GET"]}}],"collection":[{"href":"https:\/\/spiritara.com\/tr\/wp-json\/wp\/v2\/product"}],"about":[{"href":"https:\/\/spiritara.com\/tr\/wp-json\/wp\/v2\/types\/product"}],"replies":[{"embeddable":true,"href":"https:\/\/spiritara.com\/tr\/wp-json\/wp\/v2\/comments?post=5861"}],"version-history":[{"count":1,"href":"https:\/\/spiritara.com\/tr\/wp-json\/wp\/v2\/product\/5861\/revisions"}],"predecessor-version":[{"id":6397,"href":"https:\/\/spiritara.com\/tr\/wp-json\/wp\/v2\/product\/5861\/revisions\/6397"}],"wp:featuredmedia":[{"embeddable":true,"href":"https:\/\/spiritara.com\/tr\/wp-json\/wp\/v2\/media\/5862"}],"wp:attachment":[{"href":"https:\/\/spiritara.com\/tr\/wp-json\/wp\/v2\/media?parent=5861"}],"wp:term":[{"taxonomy":"product_cat","embeddable":true,"href":"https:\/\/spiritara.com\/tr\/wp-json\/wp\/v2\/product_cat?post=5861"},{"taxonomy":"product_tag","embeddable":true,"href":"https:\/\/spiritara.com\/tr\/wp-json\/wp\/v2\/product_tag?post=5861"}],"curies":[{"name":"wp","href":"https:\/\/api.w.org\/{rel}","templated":true}]}}