{"id":5863,"date":"2025-10-08T02:28:38","date_gmt":"2025-10-07T23:28:38","guid":{"rendered":"https:\/\/spiritara.com\/shop\/selvi\/"},"modified":"2026-02-02T19:24:26","modified_gmt":"2026-02-02T16:24:26","slug":"selvi","status":"publish","type":"product","link":"https:\/\/spiritara.com\/tr\/shop\/selvi\/","title":{"rendered":"Selvi"},"content":{"rendered":"<p>Cildin kurulu\u011funu gideren ve cildi kar\u015f\u0131 konulmaz derecede p\u00fcr\u00fczs\u00fcz b\u0131rakan derinlemesine bir nemlendirme dalgas\u0131 yarat\u0131r. Selvi esansiyel ya\u011f\u0131 yorgun cildi canland\u0131r\u0131r, s\u0131k\u0131 ve kalk\u0131k bir his sa\u011flar. Cildinizin dokusunu ve esnekli\u011fini d\u00f6n\u00fc\u015ft\u00fcren g\u00fc\u00e7l\u00fc bir besleyici form\u00fcld\u00fcr.<\/p>\n<ul>\n<li><b>%100 Do\u011fal<\/b><\/li>\n<li><b>50 ml<\/b><\/li>\n<\/ul>\n","protected":false},"excerpt":{"rendered":"<p><b>\u0130\u00e7indekiler:<\/b><\/p>\n<ul>\n<li><b>Cypress<\/b><\/li>\n<li>Ta\u015f\u0131y\u0131c\u0131 ya\u011flar: Badem, Kay\u0131s\u0131, \u00c7\u00f6rekotu, Hint Ya\u011f\u0131, Hindistan Cevizi, Makadamya, Moringa, Susam<\/li>\n<li>Ya\u011flar: Kakao, Mango, Shea<\/li>\n<\/ul>\n","protected":false},"featured_media":5864,"comment_status":"open","ping_status":"closed","template":"","meta":[],"product_cat":[218],"product_tag":[],"class_list":{"0":"post-5863","1":"product","2":"type-product","3":"status-publish","4":"has-post-thumbnail","6":"product_cat-kremler","7":"pa_capacity-30-ml","8":"pa_capacity-50-ml","10":"first","11":"instock","12":"shipping-taxable","13":"purchasable","14":"product-type-variable"},"_links":{"self":[{"href":"https:\/\/spiritara.com\/tr\/wp-json\/wp\/v2\/product\/5863","targetHints":{"allow":["GET"]}}],"collection":[{"href":"https:\/\/spiritara.com\/tr\/wp-json\/wp\/v2\/product"}],"about":[{"href":"https:\/\/spiritara.com\/tr\/wp-json\/wp\/v2\/types\/product"}],"replies":[{"embeddable":true,"href":"https:\/\/spiritara.com\/tr\/wp-json\/wp\/v2\/comments?post=5863"}],"version-history":[{"count":1,"href":"https:\/\/spiritara.com\/tr\/wp-json\/wp\/v2\/product\/5863\/revisions"}],"predecessor-version":[{"id":6417,"href":"https:\/\/spiritara.com\/tr\/wp-json\/wp\/v2\/product\/5863\/revisions\/6417"}],"wp:featuredmedia":[{"embeddable":true,"href":"https:\/\/spiritara.com\/tr\/wp-json\/wp\/v2\/media\/5864"}],"wp:attachment":[{"href":"https:\/\/spiritara.com\/tr\/wp-json\/wp\/v2\/media?parent=5863"}],"wp:term":[{"taxonomy":"product_cat","embeddable":true,"href":"https:\/\/spiritara.com\/tr\/wp-json\/wp\/v2\/product_cat?post=5863"},{"taxonomy":"product_tag","embeddable":true,"href":"https:\/\/spiritara.com\/tr\/wp-json\/wp\/v2\/product_tag?post=5863"}],"curies":[{"name":"wp","href":"https:\/\/api.w.org\/{rel}","templated":true}]}}