{"id":5867,"date":"2025-10-08T02:26:14","date_gmt":"2025-10-07T23:26:14","guid":{"rendered":"https:\/\/spiritara.com\/shop\/hindistan-cevizi\/"},"modified":"2026-02-02T19:33:42","modified_gmt":"2026-02-02T16:33:42","slug":"hindistan-cevizi","status":"publish","type":"product","link":"https:\/\/spiritara.com\/tr\/shop\/hindistan-cevizi\/","title":{"rendered":"Hindistan cevizi"},"content":{"rendered":"<p>Muskat\u0131n \u0131s\u0131t\u0131c\u0131 etkisi, kan dola\u015f\u0131m\u0131n\u0131 art\u0131rarak v\u00fccudun en \u00fcst d\u00fczeyde yenilenmesini sa\u011flar. G\u00fcn boyu rahatl\u0131k i\u00e7in kas a\u011fr\u0131lar\u0131n\u0131 yat\u0131\u015ft\u0131r\u0131r ve gerginli\u011fi azalt\u0131r. Kuru ve p\u00fcr\u00fczl\u00fc cildi derinlemesine besleyerek ipeksi bir yumu\u015fakl\u0131\u011fa kavu\u015fturur.<\/p>\n<ul>\n<li><b>%100 Do\u011fal<\/b><\/li>\n<li><b>50 ml<\/b><\/li>\n<\/ul>\n","protected":false},"excerpt":{"rendered":"<p><b>\u0130\u00e7indekiler:<\/b><\/p>\n<ul>\n<li>Esansiyel ya\u011flar: Hindistan cevizi<\/li>\n<li>Ta\u015f\u0131y\u0131c\u0131 ya\u011flar: Badem, Kay\u0131s\u0131, \u00c7\u00f6rekotu, Hint Ya\u011f\u0131, Hindistan Cevizi, Makadamya, Moringa, Susam<\/li>\n<li>Ya\u011flar: Kakao, Mango, Shea<\/li>\n<\/ul>\n","protected":false},"featured_media":5868,"comment_status":"open","ping_status":"closed","template":"","meta":[],"product_cat":[218],"product_tag":[],"class_list":{"0":"post-5867","1":"product","2":"type-product","3":"status-publish","4":"has-post-thumbnail","6":"product_cat-kremler","7":"pa_capacity-30-ml","8":"pa_capacity-50-ml","10":"first","11":"instock","12":"shipping-taxable","13":"purchasable","14":"product-type-variable"},"_links":{"self":[{"href":"https:\/\/spiritara.com\/tr\/wp-json\/wp\/v2\/product\/5867","targetHints":{"allow":["GET"]}}],"collection":[{"href":"https:\/\/spiritara.com\/tr\/wp-json\/wp\/v2\/product"}],"about":[{"href":"https:\/\/spiritara.com\/tr\/wp-json\/wp\/v2\/types\/product"}],"replies":[{"embeddable":true,"href":"https:\/\/spiritara.com\/tr\/wp-json\/wp\/v2\/comments?post=5867"}],"version-history":[{"count":1,"href":"https:\/\/spiritara.com\/tr\/wp-json\/wp\/v2\/product\/5867\/revisions"}],"predecessor-version":[{"id":6427,"href":"https:\/\/spiritara.com\/tr\/wp-json\/wp\/v2\/product\/5867\/revisions\/6427"}],"wp:featuredmedia":[{"embeddable":true,"href":"https:\/\/spiritara.com\/tr\/wp-json\/wp\/v2\/media\/5868"}],"wp:attachment":[{"href":"https:\/\/spiritara.com\/tr\/wp-json\/wp\/v2\/media?parent=5867"}],"wp:term":[{"taxonomy":"product_cat","embeddable":true,"href":"https:\/\/spiritara.com\/tr\/wp-json\/wp\/v2\/product_cat?post=5867"},{"taxonomy":"product_tag","embeddable":true,"href":"https:\/\/spiritara.com\/tr\/wp-json\/wp\/v2\/product_tag?post=5867"}],"curies":[{"name":"wp","href":"https:\/\/api.w.org\/{rel}","templated":true}]}}