{"id":5869,"date":"2025-10-08T02:24:14","date_gmt":"2025-10-07T23:24:14","guid":{"rendered":"https:\/\/spiritara.com\/shop\/nane\/"},"modified":"2026-02-02T18:53:52","modified_gmt":"2026-02-02T15:53:52","slug":"nane","status":"publish","type":"product","link":"https:\/\/spiritara.com\/tr\/shop\/nane\/","title":{"rendered":"Nane"},"content":{"rendered":"<p>Derinlemesine nemlendirme ile kuru cildi yat\u0131\u015ft\u0131r\u0131r ve canland\u0131r\u0131r. Nane, duyular\u0131 canland\u0131ran ve tahri\u015fi yat\u0131\u015ft\u0131ran ferahlat\u0131c\u0131 bir serinlik sa\u011flar. Her uygulamada p\u00fcr\u00fczs\u00fcz, esnek bir cilt ve genel v\u00fccut sa\u011fl\u0131\u011f\u0131n\u0131 destekler.<\/p>\n<ul>\n<li><b>%100 Do\u011fal<\/b><\/li>\n<li><b>50 ml<\/b><\/li>\n<\/ul>\n","protected":false},"excerpt":{"rendered":"<p><b>\u0130\u00e7indekiler:<\/b><\/p>\n<ul>\n<li>Nane u\u00e7ucu ya\u011flar\u0131<\/li>\n<li>Ta\u015f\u0131y\u0131c\u0131 ya\u011flar: Badem, Kay\u0131s\u0131, \u00c7\u00f6rekotu, Hint Ya\u011f\u0131, Hindistan Cevizi, Makadamya, Moringa, Susam<\/li>\n<li>Ya\u011flar: Kakao, Mango, Shea<\/li>\n<\/ul>\n","protected":false},"featured_media":5872,"comment_status":"open","ping_status":"closed","template":"","meta":[],"product_cat":[218],"product_tag":[],"class_list":{"0":"post-5869","1":"product","2":"type-product","3":"status-publish","4":"has-post-thumbnail","6":"product_cat-kremler","7":"pa_capacity-50-ml","9":"first","10":"instock","11":"shipping-taxable","12":"purchasable","13":"product-type-variable"},"_links":{"self":[{"href":"https:\/\/spiritara.com\/tr\/wp-json\/wp\/v2\/product\/5869","targetHints":{"allow":["GET"]}}],"collection":[{"href":"https:\/\/spiritara.com\/tr\/wp-json\/wp\/v2\/product"}],"about":[{"href":"https:\/\/spiritara.com\/tr\/wp-json\/wp\/v2\/types\/product"}],"replies":[{"embeddable":true,"href":"https:\/\/spiritara.com\/tr\/wp-json\/wp\/v2\/comments?post=5869"}],"version-history":[{"count":1,"href":"https:\/\/spiritara.com\/tr\/wp-json\/wp\/v2\/product\/5869\/revisions"}],"predecessor-version":[{"id":6377,"href":"https:\/\/spiritara.com\/tr\/wp-json\/wp\/v2\/product\/5869\/revisions\/6377"}],"wp:featuredmedia":[{"embeddable":true,"href":"https:\/\/spiritara.com\/tr\/wp-json\/wp\/v2\/media\/5872"}],"wp:attachment":[{"href":"https:\/\/spiritara.com\/tr\/wp-json\/wp\/v2\/media?parent=5869"}],"wp:term":[{"taxonomy":"product_cat","embeddable":true,"href":"https:\/\/spiritara.com\/tr\/wp-json\/wp\/v2\/product_cat?post=5869"},{"taxonomy":"product_tag","embeddable":true,"href":"https:\/\/spiritara.com\/tr\/wp-json\/wp\/v2\/product_tag?post=5869"}],"curies":[{"name":"wp","href":"https:\/\/api.w.org\/{rel}","templated":true}]}}