{"id":5874,"date":"2025-10-08T02:22:26","date_gmt":"2025-10-07T23:22:26","guid":{"rendered":"https:\/\/spiritara.com\/shop\/egzama\/"},"modified":"2026-02-02T19:17:04","modified_gmt":"2026-02-02T16:17:04","slug":"egzama","status":"publish","type":"product","link":"https:\/\/spiritara.com\/tr\/shop\/egzama\/","title":{"rendered":"Egzama"},"content":{"rendered":"<p>\u015eiddetli tahri\u015fi yat\u0131\u015ft\u0131r\u0131r ve egzama ataklar\u0131n\u0131n yo\u011fun rahats\u0131zl\u0131\u011f\u0131n\u0131 hafifletir. Cildin do\u011fal bariyerini onararak kurulu\u011fu \u00f6nler ve alerjenlere kar\u015f\u0131 koruma sa\u011flar. Lavanta, k\u0131zar\u0131kl\u0131\u011f\u0131 azaltmak ve kal\u0131c\u0131 rahatlama sa\u011flamak i\u00e7in derinlemesine iyile\u015fmeyi destekler.<\/p>\n<ul>\n<li><b>%100 Do\u011fal<\/b><\/li>\n<li><b>50 ml<\/b><\/li>\n<\/ul>\n","protected":false},"excerpt":{"rendered":"<p><b>\u0130\u00e7indekiler:<\/b><\/p>\n<ul>\n<li>Esansiyel ya\u011flar: Lavanta<\/li>\n<li>Ta\u015f\u0131y\u0131c\u0131 ya\u011flar: \u00c7\u00f6rekotu, Hindistan cevizi, Makadamya, Moringa<\/li>\n<li>Ya\u011flar: Kakao, Mango, Shea<\/li>\n<\/ul>\n","protected":false},"featured_media":5859,"comment_status":"open","ping_status":"closed","template":"","meta":[],"product_cat":[218],"product_tag":[],"class_list":{"0":"post-5874","1":"product","2":"type-product","3":"status-publish","4":"has-post-thumbnail","6":"product_cat-kremler","7":"pa_capacity-30-ml","8":"pa_capacity-50-ml","10":"first","11":"instock","12":"shipping-taxable","13":"purchasable","14":"product-type-variable"},"_links":{"self":[{"href":"https:\/\/spiritara.com\/tr\/wp-json\/wp\/v2\/product\/5874","targetHints":{"allow":["GET"]}}],"collection":[{"href":"https:\/\/spiritara.com\/tr\/wp-json\/wp\/v2\/product"}],"about":[{"href":"https:\/\/spiritara.com\/tr\/wp-json\/wp\/v2\/types\/product"}],"replies":[{"embeddable":true,"href":"https:\/\/spiritara.com\/tr\/wp-json\/wp\/v2\/comments?post=5874"}],"version-history":[{"count":1,"href":"https:\/\/spiritara.com\/tr\/wp-json\/wp\/v2\/product\/5874\/revisions"}],"predecessor-version":[{"id":6407,"href":"https:\/\/spiritara.com\/tr\/wp-json\/wp\/v2\/product\/5874\/revisions\/6407"}],"wp:featuredmedia":[{"embeddable":true,"href":"https:\/\/spiritara.com\/tr\/wp-json\/wp\/v2\/media\/5859"}],"wp:attachment":[{"href":"https:\/\/spiritara.com\/tr\/wp-json\/wp\/v2\/media?parent=5874"}],"wp:term":[{"taxonomy":"product_cat","embeddable":true,"href":"https:\/\/spiritara.com\/tr\/wp-json\/wp\/v2\/product_cat?post=5874"},{"taxonomy":"product_tag","embeddable":true,"href":"https:\/\/spiritara.com\/tr\/wp-json\/wp\/v2\/product_tag?post=5874"}],"curies":[{"name":"wp","href":"https:\/\/api.w.org\/{rel}","templated":true}]}}