{"id":5878,"date":"2025-10-08T02:20:28","date_gmt":"2025-10-07T23:20:28","guid":{"rendered":"https:\/\/spiritara.com\/shop\/akne\/"},"modified":"2026-01-02T00:49:31","modified_gmt":"2026-01-01T21:49:31","slug":"akne","status":"publish","type":"product","link":"https:\/\/spiritara.com\/tr\/shop\/akne\/","title":{"rendered":"Akne"},"content":{"rendered":"<p>\u0130ltihab\u0131 yat\u0131\u015ft\u0131r\u0131r ve k\u0131zar\u0131kl\u0131\u011f\u0131 g\u00f6zle g\u00f6r\u00fcl\u00fcr \u015fekilde azaltarak daha berrak bir cilt g\u00f6r\u00fcn\u00fcm\u00fc sa\u011flar. Cildi kurutmadan ya\u011f \u00fcretimini dengeler ve gelecekteki sivilce olu\u015fumunu \u00f6nlemeye yard\u0131mc\u0131 olur. Lavanta, tahri\u015fi yat\u0131\u015ft\u0131r\u0131r ve iyile\u015fmeyi destekleyerek cildin en iyi sa\u011fl\u0131\u011f\u0131n\u0131 destekler.<\/p>\n<ul>\n<li><b>%100 Do\u011fal<\/b><\/li>\n<li><b>50 ml<\/b><\/li>\n<\/ul>\n","protected":false},"excerpt":{"rendered":"<p><b>\u0130\u00e7indekiler:<\/b><\/p>\n<ul>\n<li>Esansiyel ya\u011flar: Lavanta<\/li>\n<li>Ta\u015f\u0131y\u0131c\u0131 ya\u011flar: Kay\u0131s\u0131, \u00c7\u00f6rekotu, Jojoba, Lavanta, Moringa, Ku\u015fburnu<\/li>\n<\/ul>\n","protected":false},"featured_media":5770,"comment_status":"open","ping_status":"closed","template":"","meta":[],"product_cat":[220],"product_tag":[],"class_list":{"0":"post-5878","1":"product","2":"type-product","3":"status-publish","4":"has-post-thumbnail","6":"product_cat-serum","7":"pa_capacity-50-ml","9":"first","10":"instock","11":"shipping-taxable","12":"purchasable","13":"product-type-variable"},"_links":{"self":[{"href":"https:\/\/spiritara.com\/tr\/wp-json\/wp\/v2\/product\/5878","targetHints":{"allow":["GET"]}}],"collection":[{"href":"https:\/\/spiritara.com\/tr\/wp-json\/wp\/v2\/product"}],"about":[{"href":"https:\/\/spiritara.com\/tr\/wp-json\/wp\/v2\/types\/product"}],"replies":[{"embeddable":true,"href":"https:\/\/spiritara.com\/tr\/wp-json\/wp\/v2\/comments?post=5878"}],"version-history":[{"count":0,"href":"https:\/\/spiritara.com\/tr\/wp-json\/wp\/v2\/product\/5878\/revisions"}],"wp:featuredmedia":[{"embeddable":true,"href":"https:\/\/spiritara.com\/tr\/wp-json\/wp\/v2\/media\/5770"}],"wp:attachment":[{"href":"https:\/\/spiritara.com\/tr\/wp-json\/wp\/v2\/media?parent=5878"}],"wp:term":[{"taxonomy":"product_cat","embeddable":true,"href":"https:\/\/spiritara.com\/tr\/wp-json\/wp\/v2\/product_cat?post=5878"},{"taxonomy":"product_tag","embeddable":true,"href":"https:\/\/spiritara.com\/tr\/wp-json\/wp\/v2\/product_tag?post=5878"}],"curies":[{"name":"wp","href":"https:\/\/api.w.org\/{rel}","templated":true}]}}