{"id":5884,"date":"2025-10-08T02:14:09","date_gmt":"2025-10-07T23:14:09","guid":{"rendered":"https:\/\/spiritara.com\/shop\/lavanta\/"},"modified":"2026-02-02T19:50:03","modified_gmt":"2026-02-02T16:50:03","slug":"lavanta","status":"publish","type":"product","link":"https:\/\/spiritara.com\/tr\/shop\/lavanta\/","title":{"rendered":"LAVANTA"},"content":{"rendered":"<p>Derinlemesine besler, do\u011fal olarak onar\u0131r ve \u0131\u015f\u0131lt\u0131l\u0131 bir cilt sunar. Tahri\u015fi yat\u0131\u015ft\u0131r\u0131rken cildin canl\u0131l\u0131\u011f\u0131n\u0131 yenileyerek ger\u00e7ekten dengeli bir cilt g\u00f6r\u00fcn\u00fcm\u00fc sa\u011flar. Lavantan\u0131n yat\u0131\u015ft\u0131r\u0131c\u0131 dokunu\u015fu \u0131\u015f\u0131lt\u0131y\u0131 art\u0131r\u0131r ve y\u00fcz sa\u011fl\u0131\u011f\u0131n\u0131 en \u00fcst d\u00fczeye \u00e7\u0131kar\u0131r.<\/p>\n<ul>\n<li><b>%100 Do\u011fal<\/b><\/li>\n<li><b>50 ml<\/b><\/li>\n<\/ul>\n","protected":false},"excerpt":{"rendered":"<p><b>\u0130\u00e7indekiler:<\/b><\/p>\n<ul>\n<li>Esansiyel ya\u011flar: Lavanta<\/li>\n<li>Ta\u015f\u0131y\u0131c\u0131 ya\u011flar: Akpi, Badem, Kay\u0131s\u0131, F\u0131nd\u0131k, Jojoba, Macadamia, Moringa, Ku\u015fburnu<\/li>\n<li>Ya\u011flar: Kakao, Mango, Shea<\/li>\n<\/ul>\n","protected":false},"featured_media":5885,"comment_status":"open","ping_status":"closed","template":"","meta":[],"product_cat":[218],"product_tag":[],"class_list":{"0":"post-5884","1":"product","2":"type-product","3":"status-publish","4":"has-post-thumbnail","6":"product_cat-kremler","7":"pa_capacity-30-ml","8":"pa_capacity-50-ml","10":"first","11":"instock","12":"shipping-taxable","13":"purchasable","14":"product-type-variable"},"_links":{"self":[{"href":"https:\/\/spiritara.com\/tr\/wp-json\/wp\/v2\/product\/5884","targetHints":{"allow":["GET"]}}],"collection":[{"href":"https:\/\/spiritara.com\/tr\/wp-json\/wp\/v2\/product"}],"about":[{"href":"https:\/\/spiritara.com\/tr\/wp-json\/wp\/v2\/types\/product"}],"replies":[{"embeddable":true,"href":"https:\/\/spiritara.com\/tr\/wp-json\/wp\/v2\/comments?post=5884"}],"version-history":[{"count":1,"href":"https:\/\/spiritara.com\/tr\/wp-json\/wp\/v2\/product\/5884\/revisions"}],"predecessor-version":[{"id":6438,"href":"https:\/\/spiritara.com\/tr\/wp-json\/wp\/v2\/product\/5884\/revisions\/6438"}],"wp:featuredmedia":[{"embeddable":true,"href":"https:\/\/spiritara.com\/tr\/wp-json\/wp\/v2\/media\/5885"}],"wp:attachment":[{"href":"https:\/\/spiritara.com\/tr\/wp-json\/wp\/v2\/media?parent=5884"}],"wp:term":[{"taxonomy":"product_cat","embeddable":true,"href":"https:\/\/spiritara.com\/tr\/wp-json\/wp\/v2\/product_cat?post=5884"},{"taxonomy":"product_tag","embeddable":true,"href":"https:\/\/spiritara.com\/tr\/wp-json\/wp\/v2\/product_tag?post=5884"}],"curies":[{"name":"wp","href":"https:\/\/api.w.org\/{rel}","templated":true}]}}