{"id":6341,"date":"2026-01-29T00:32:29","date_gmt":"2026-01-28T21:32:29","guid":{"rendered":"https:\/\/spiritara.com\/shop\/hindistan-cevizi-yagi\/"},"modified":"2026-02-02T18:15:15","modified_gmt":"2026-02-02T15:15:15","slug":"hindistan-cevizi-yagi","status":"publish","type":"product","link":"https:\/\/spiritara.com\/tr\/shop\/hindistan-cevizi-yagi\/","title":{"rendered":"Hindistan cevizi ya\u011f\u0131"},"content":{"rendered":"<p data-start=\"152\" data-end=\"221\"><strong data-start=\"152\" data-end=\"221\">Derinlemesine bak\u0131m ve koruma sa\u011flayan klasik, \u00e7ok ama\u00e7l\u0131 bir ya\u011f.<\/strong><\/p>\n<ul>\n<li><b>%100 Do\u011fal, 100 ml<\/b><\/li>\n<\/ul>\n","protected":false},"excerpt":{"rendered":"<p>Faydalar\u0131:<br data-start=\"236\" data-end=\"239\" \/>Kuru cilt, dudaklar ve t\u0131rnak etleri i\u00e7in an\u0131nda nemlendirme sa\u011flar.<br data-start=\"299\" data-end=\"302\" \/>Do\u011fal antibakteriyel \u00f6zellikleri, k\u00fc\u00e7\u00fck cilt enfeksiyonlar\u0131n\u0131 yat\u0131\u015ft\u0131rmaya yard\u0131mc\u0131 olur.<br data-start=\"369\" data-end=\"372\" \/>Cildi nem kayb\u0131ndan korumak i\u00e7in koruyucu bir tabaka olu\u015fturur.<br data-start=\"433\" data-end=\"436\" \/>Cildi yumu\u015fak ve hafif, tropikal bir kokuyla b\u0131rak\u0131r.<\/p>\n","protected":false},"featured_media":6333,"comment_status":"open","ping_status":"closed","template":"","meta":[],"product_cat":[212],"product_tag":[],"class_list":{"0":"post-6341","1":"product","2":"type-product","3":"status-publish","4":"has-post-thumbnail","6":"product_cat-tasiyici-yaglar","7":"pa_capacity-100-ml","8":"pa_capacity-1000-ml","9":"pa_capacity-500-ml","11":"first","12":"instock","13":"shipping-taxable","14":"purchasable","15":"product-type-variable"},"_links":{"self":[{"href":"https:\/\/spiritara.com\/tr\/wp-json\/wp\/v2\/product\/6341","targetHints":{"allow":["GET"]}}],"collection":[{"href":"https:\/\/spiritara.com\/tr\/wp-json\/wp\/v2\/product"}],"about":[{"href":"https:\/\/spiritara.com\/tr\/wp-json\/wp\/v2\/types\/product"}],"replies":[{"embeddable":true,"href":"https:\/\/spiritara.com\/tr\/wp-json\/wp\/v2\/comments?post=6341"}],"version-history":[{"count":1,"href":"https:\/\/spiritara.com\/tr\/wp-json\/wp\/v2\/product\/6341\/revisions"}],"predecessor-version":[{"id":6360,"href":"https:\/\/spiritara.com\/tr\/wp-json\/wp\/v2\/product\/6341\/revisions\/6360"}],"wp:featuredmedia":[{"embeddable":true,"href":"https:\/\/spiritara.com\/tr\/wp-json\/wp\/v2\/media\/6333"}],"wp:attachment":[{"href":"https:\/\/spiritara.com\/tr\/wp-json\/wp\/v2\/media?parent=6341"}],"wp:term":[{"taxonomy":"product_cat","embeddable":true,"href":"https:\/\/spiritara.com\/tr\/wp-json\/wp\/v2\/product_cat?post=6341"},{"taxonomy":"product_tag","embeddable":true,"href":"https:\/\/spiritara.com\/tr\/wp-json\/wp\/v2\/product_tag?post=6341"}],"curies":[{"name":"wp","href":"https:\/\/api.w.org\/{rel}","templated":true}]}}