{"id":6959,"date":"2025-10-08T02:17:53","date_gmt":"2025-10-07T23:17:53","guid":{"rendered":"https:\/\/spiritara.com\/shop\/buhur\/"},"modified":"2026-03-06T15:57:18","modified_gmt":"2026-03-06T12:57:18","slug":"buhur","status":"publish","type":"product","link":"https:\/\/spiritara.com\/tr\/shop\/buhur\/","title":{"rendered":"Buhur"},"content":{"rendered":"<p>K\u0131r\u0131\u015f\u0131kl\u0131k kar\u015f\u0131t\u0131 etkisiyle cildin gen\u00e7li\u011fini ve do\u011fal direncini yenileyerek \u0131\u015f\u0131lt\u0131l\u0131 bir g\u00f6r\u00fcn\u00fcm ortaya \u00e7\u0131kar\u0131r. G\u00fcnl\u00fck ya\u011f\u0131, cildi g\u00f6zle g\u00f6r\u00fcl\u00fcr \u015fekilde s\u0131k\u0131la\u015ft\u0131r\u0131r ve yat\u0131\u015ft\u0131r\u0131r, ger\u00e7ek bir d\u00f6n\u00fc\u015f\u00fcm sa\u011flayan bir cilt g\u00f6r\u00fcn\u00fcm\u00fc sunar. Y\u00fcz\u00fcn\u00fcz\u00fcn sa\u011fl\u0131\u011f\u0131n\u0131 en \u00fcst d\u00fczeye \u00e7\u0131karmak ve zamans\u0131z bir \u0131\u015f\u0131lt\u0131ya kavu\u015fmak i\u00e7in gen\u00e7le\u015ftirme rit\u00fcelini benimseyin.<\/p>\n<p>%100 Do\u011fal<br \/>\n50 ml<\/p>\n","protected":false},"excerpt":{"rendered":"<p><b>\u0130\u00e7indekiler:<\/b><\/p>\n<ul>\n<li>Esansiyel ya\u011flar: G\u00fcnl\u00fck ya\u011f\u0131<\/li>\n<li>Ta\u015f\u0131y\u0131c\u0131 ya\u011flar: Akpi, Badem, Kay\u0131s\u0131, F\u0131nd\u0131k, Jojoba, Macadamia, Moringa, Ku\u015fburnu<\/li>\n<li>Ya\u011flar: Kakao, Mango, Shea<\/li>\n<\/ul>\n","protected":false},"featured_media":5883,"comment_status":"open","ping_status":"closed","template":"","meta":[],"product_cat":[218],"product_tag":[],"class_list":{"0":"post-6959","1":"product","2":"type-product","3":"status-publish","4":"has-post-thumbnail","6":"product_cat-kremler","7":"pa_capacity-30-ml","8":"pa_capacity-50-ml-howjari","9":"pa_capacity-50-ml-howjari-yesil-kraliyet","11":"first","12":"instock","13":"shipping-taxable","14":"purchasable","15":"product-type-variable"},"_links":{"self":[{"href":"https:\/\/spiritara.com\/tr\/wp-json\/wp\/v2\/product\/6959","targetHints":{"allow":["GET"]}}],"collection":[{"href":"https:\/\/spiritara.com\/tr\/wp-json\/wp\/v2\/product"}],"about":[{"href":"https:\/\/spiritara.com\/tr\/wp-json\/wp\/v2\/types\/product"}],"replies":[{"embeddable":true,"href":"https:\/\/spiritara.com\/tr\/wp-json\/wp\/v2\/comments?post=6959"}],"version-history":[{"count":2,"href":"https:\/\/spiritara.com\/tr\/wp-json\/wp\/v2\/product\/6959\/revisions"}],"predecessor-version":[{"id":6971,"href":"https:\/\/spiritara.com\/tr\/wp-json\/wp\/v2\/product\/6959\/revisions\/6971"}],"wp:featuredmedia":[{"embeddable":true,"href":"https:\/\/spiritara.com\/tr\/wp-json\/wp\/v2\/media\/5883"}],"wp:attachment":[{"href":"https:\/\/spiritara.com\/tr\/wp-json\/wp\/v2\/media?parent=6959"}],"wp:term":[{"taxonomy":"product_cat","embeddable":true,"href":"https:\/\/spiritara.com\/tr\/wp-json\/wp\/v2\/product_cat?post=6959"},{"taxonomy":"product_tag","embeddable":true,"href":"https:\/\/spiritara.com\/tr\/wp-json\/wp\/v2\/product_tag?post=6959"}],"curies":[{"name":"wp","href":"https:\/\/api.w.org\/{rel}","templated":true}]}}